{"id":4782,"date":"2018-09-10T02:42:20","date_gmt":"2018-09-10T00:42:20","guid":{"rendered":"http:\/\/source.wpopal.com\/auros\/?page_id=19"},"modified":"2023-02-12T18:12:09","modified_gmt":"2023-02-12T16:12:09","slug":"contact-us","status":"publish","type":"page","link":"https:\/\/calico.hu\/en\/contact-us\/","title":{"rendered":"Contact Us"},"content":{"rendered":"\t\t<div data-elementor-type=\"wp-post\" data-elementor-id=\"4782\" class=\"elementor elementor-4782\">\n\t\t\t\t\t\t<div class=\"elementor-inner\">\n\t\t\t\t<div class=\"elementor-section-wrap\">\n\t\t\t\t\t\t\t\t\t<section class=\"elementor-section elementor-top-section elementor-element elementor-element-b23de5f elementor-section-boxed elementor-section-height-default elementor-section-height-default\" data-id=\"b23de5f\" data-element_type=\"section\">\n\t\t\t\t\t\t<div class=\"elementor-container elementor-column-gap-default\">\n\t\t\t\t\t\t\t<div class=\"elementor-row\">\n\t\t\t\t\t<div class=\"elementor-column elementor-col-100 elementor-top-column elementor-element elementor-element-5186580\" data-id=\"5186580\" data-element_type=\"column\">\n\t\t\t<div class=\"elementor-column-wrap elementor-element-populated\">\n\t\t\t\t\t\t\t<div class=\"elementor-widget-wrap\">\n\t\t\t\t\t\t<div class=\"elementor-element elementor-element-9f67f51 elementor-widget elementor-widget-text-editor\" data-id=\"9f67f51\" data-element_type=\"widget\" data-widget_type=\"text-editor.default\">\n\t\t\t\t<div class=\"elementor-widget-container\">\n\t\t\t\t\t<div class=\"elementor-text-editor elementor-clearfix\"><p><strong>Address:<\/strong>\u00a0 2072 Zs\u00e1mb\u00e9k, D\u00f3zsa Gy\u00f6rgy utca 101.<\/p><p><strong>Phone:\u00a0<\/strong>\u00a0<span style=\"color: var( --e-global-color-text ); font-weight: var( --e-global-typography-text-font-weight ); font-size: 1rem;\">(+36)\u00a030 174 4550\u202c<\/span><\/p><p><span style=\"color: var( --e-global-color-text ); font-weight: var( --e-global-typography-text-font-weight ); font-size: 1rem;\"><strong>e-mail:\u00a0<\/strong> info@calico.hu<\/span><\/p><\/div>\n\t\t\t\t<\/div>\n\t\t\t\t<\/div>\n\t\t\t\t\t\t<\/div>\n\t\t\t\t\t<\/div>\n\t\t<\/div>\n\t\t\t\t\t\t\t\t<\/div>\n\t\t\t\t\t<\/div>\n\t\t<\/section>\n\t\t\t\t<section class=\"elementor-section elementor-top-section elementor-element elementor-element-e2035d0 elementor-section-boxed elementor-section-height-default elementor-section-height-default\" data-id=\"e2035d0\" data-element_type=\"section\">\n\t\t\t\t\t\t<div class=\"elementor-container elementor-column-gap-default\">\n\t\t\t\t\t\t\t<div class=\"elementor-row\">\n\t\t\t\t\t<div class=\"elementor-column elementor-col-100 elementor-top-column elementor-element elementor-element-13968bb\" data-id=\"13968bb\" data-element_type=\"column\">\n\t\t\t<div class=\"elementor-column-wrap elementor-element-populated\">\n\t\t\t\t\t\t\t<div class=\"elementor-widget-wrap\">\n\t\t\t\t\t\t<div class=\"elementor-element elementor-element-3c06199 elementor-widget elementor-widget-google_maps\" data-id=\"3c06199\" data-element_type=\"widget\" data-widget_type=\"google_maps.default\">\n\t\t\t\t<div class=\"elementor-widget-container\">\n\t\t\t\t\t<div class=\"elementor-custom-embed\">\n\t\t\t<iframe frameborder=\"0\" scrolling=\"no\" marginheight=\"0\" marginwidth=\"0\"\n\t\t\t\t\tsrc=\"https:\/\/maps.google.com\/maps?q=Calico%2BKft.%202072%20Zs%C3%A1mb%C3%A9k%2C%20D%C3%B3zsa%20Gy%C3%B6rgy%20utca%20101.&#038;t=m&#038;z=10&#038;output=embed&#038;iwloc=near\"\n\t\t\t\t\ttitle=\"Calico+Kft. 2072 Zs\u00e1mb\u00e9k, D\u00f3zsa Gy\u00f6rgy utca 101.\"\n\t\t\t\t\taria-label=\"Calico+Kft. 2072 Zs\u00e1mb\u00e9k, D\u00f3zsa Gy\u00f6rgy utca 101.\"\n\t\t\t><\/iframe>\n\t\t<\/div>\n\t\t\t\t<\/div>\n\t\t\t\t<\/div>\n\t\t\t\t\t\t<\/div>\n\t\t\t\t\t<\/div>\n\t\t<\/div>\n\t\t\t\t\t\t\t\t<\/div>\n\t\t\t\t\t<\/div>\n\t\t<\/section>\n\t\t\t\t\t\t\t\t\t<\/div>\n\t\t\t<\/div>\n\t\t\t\t\t<\/div>\n\t\t","protected":false},"excerpt":{"rendered":"<p>Address:\u00a0 2072 Zs\u00e1mb\u00e9k, D\u00f3zsa Gy\u00f6rgy utca 101. Phone:\u00a0\u00a0(+36)\u00a030 174 4550\u202c e-mail:\u00a0 info@calico.hu<\/p>\n","protected":false},"author":2,"featured_media":0,"parent":0,"menu_order":0,"comment_status":"closed","ping_status":"closed","template":"","meta":[],"_links":{"self":[{"href":"https:\/\/calico.hu\/en\/wp-json\/wp\/v2\/pages\/4782"}],"collection":[{"href":"https:\/\/calico.hu\/en\/wp-json\/wp\/v2\/pages"}],"about":[{"href":"https:\/\/calico.hu\/en\/wp-json\/wp\/v2\/types\/page"}],"author":[{"embeddable":true,"href":"https:\/\/calico.hu\/en\/wp-json\/wp\/v2\/users\/2"}],"replies":[{"embeddable":true,"href":"https:\/\/calico.hu\/en\/wp-json\/wp\/v2\/comments?post=4782"}],"version-history":[{"count":32,"href":"https:\/\/calico.hu\/en\/wp-json\/wp\/v2\/pages\/4782\/revisions"}],"predecessor-version":[{"id":5781,"href":"https:\/\/calico.hu\/en\/wp-json\/wp\/v2\/pages\/4782\/revisions\/5781"}],"wp:attachment":[{"href":"https:\/\/calico.hu\/en\/wp-json\/wp\/v2\/media?parent=4782"}],"curies":[{"name":"wp","href":"https:\/\/api.w.org\/{rel}","templated":true}]}}