{"id":5267,"date":"2020-08-07T10:05:18","date_gmt":"2020-08-07T08:05:18","guid":{"rendered":"https:\/\/calico.hu\/en\/?page_id=5267"},"modified":"2023-02-12T18:14:25","modified_gmt":"2023-02-12T16:14:25","slug":"about-us","status":"publish","type":"page","link":"https:\/\/calico.hu\/en\/about-us\/","title":{"rendered":"About us"},"content":{"rendered":"\t\t<div data-elementor-type=\"wp-page\" data-elementor-id=\"5267\" class=\"elementor elementor-5267\">\n\t\t\t\t\t\t<div class=\"elementor-inner\">\n\t\t\t\t<div class=\"elementor-section-wrap\">\n\t\t\t\t\t\t\t\t\t<section class=\"elementor-section elementor-top-section elementor-element elementor-element-cd6c8e3 elementor-section-boxed elementor-section-height-default elementor-section-height-default\" data-id=\"cd6c8e3\" data-element_type=\"section\">\n\t\t\t\t\t\t<div class=\"elementor-container elementor-column-gap-default\">\n\t\t\t\t\t\t\t<div class=\"elementor-row\">\n\t\t\t\t\t<div class=\"elementor-column elementor-col-100 elementor-top-column elementor-element elementor-element-9819913\" data-id=\"9819913\" data-element_type=\"column\">\n\t\t\t<div class=\"elementor-column-wrap elementor-element-populated\">\n\t\t\t\t\t\t\t<div class=\"elementor-widget-wrap\">\n\t\t\t\t\t\t<section class=\"elementor-section elementor-inner-section elementor-element elementor-element-a41777e elementor-section-boxed elementor-section-height-default elementor-section-height-default\" data-id=\"a41777e\" data-element_type=\"section\">\n\t\t\t\t\t\t<div class=\"elementor-container elementor-column-gap-default\">\n\t\t\t\t\t\t\t<div class=\"elementor-row\">\n\t\t\t\t\t<div class=\"elementor-column elementor-col-100 elementor-inner-column elementor-element elementor-element-dc724d2\" data-id=\"dc724d2\" data-element_type=\"column\">\n\t\t\t<div class=\"elementor-column-wrap elementor-element-populated\">\n\t\t\t\t\t\t\t<div class=\"elementor-widget-wrap\">\n\t\t\t\t\t\t<div class=\"elementor-element elementor-element-c5e49fe elementor-invisible elementor-widget elementor-widget-heading\" data-id=\"c5e49fe\" data-element_type=\"widget\" data-settings=\"{&quot;_animation&quot;:&quot;opal-move-left&quot;}\" data-widget_type=\"heading.default\">\n\t\t\t\t<div class=\"elementor-widget-container\">\n\t\t\t<h3 class=\"elementor-heading-title elementor-size-default\">CALICO chocolate<\/h3>\t\t<\/div>\n\t\t\t\t<\/div>\n\t\t\t\t<div class=\"elementor-element elementor-element-962f456 elementor-widget elementor-widget-text-editor\" data-id=\"962f456\" data-element_type=\"widget\" data-widget_type=\"text-editor.default\">\n\t\t\t\t<div class=\"elementor-widget-container\">\n\t\t\t\t\t<div class=\"elementor-text-editor elementor-clearfix\"><p>In the heart of the Zs\u00e1mb\u00e9k basin in Hungary, we have been producing high-quality chocolate products since 2018, with state-of-the-art production technology and well-established know-how. Our aim is to offer chocolate products delighting people all around the world with great taste and look.<\/p><\/div>\n\t\t\t\t<\/div>\n\t\t\t\t<\/div>\n\t\t\t\t\t\t<\/div>\n\t\t\t\t\t<\/div>\n\t\t<\/div>\n\t\t\t\t\t\t\t\t<\/div>\n\t\t\t\t\t<\/div>\n\t\t<\/section>\n\t\t\t\t\t\t<\/div>\n\t\t\t\t\t<\/div>\n\t\t<\/div>\n\t\t\t\t\t\t\t\t<\/div>\n\t\t\t\t\t<\/div>\n\t\t<\/section>\n\t\t\t\t<section class=\"elementor-section elementor-top-section elementor-element elementor-element-4632662 elementor-section-boxed elementor-section-height-default elementor-section-height-default\" data-id=\"4632662\" data-element_type=\"section\">\n\t\t\t\t\t\t<div class=\"elementor-container elementor-column-gap-default\">\n\t\t\t\t\t\t\t<div class=\"elementor-row\">\n\t\t\t\t\t<div class=\"elementor-column elementor-col-100 elementor-top-column elementor-element elementor-element-c1a9f02\" data-id=\"c1a9f02\" data-element_type=\"column\">\n\t\t\t<div class=\"elementor-column-wrap elementor-element-populated\">\n\t\t\t\t\t\t\t<div class=\"elementor-widget-wrap\">\n\t\t\t\t\t\t<section class=\"elementor-section elementor-inner-section elementor-element elementor-element-7d747df elementor-section-boxed elementor-section-height-default elementor-section-height-default\" data-id=\"7d747df\" data-element_type=\"section\">\n\t\t\t\t\t\t<div class=\"elementor-container elementor-column-gap-default\">\n\t\t\t\t\t\t\t<div class=\"elementor-row\">\n\t\t\t\t\t<div class=\"elementor-column elementor-col-50 elementor-inner-column elementor-element elementor-element-ef5726a\" data-id=\"ef5726a\" data-element_type=\"column\">\n\t\t\t<div class=\"elementor-column-wrap elementor-element-populated\">\n\t\t\t\t\t\t\t<div class=\"elementor-widget-wrap\">\n\t\t\t\t\t\t<div class=\"elementor-element elementor-element-06ac437 elementor-invisible elementor-widget elementor-widget-image\" data-id=\"06ac437\" data-element_type=\"widget\" data-settings=\"{&quot;_animation&quot;:&quot;opal-move-right&quot;}\" data-widget_type=\"image.default\">\n\t\t\t\t<div class=\"elementor-widget-container\">\n\t\t\t        <div class=\"elementor-image\">\n                                                <img width=\"2000\" height=\"1335\" src=\"https:\/\/calico.hu\/en\/wp-content\/uploads\/2020\/09\/Mark_2.png\" class=\"attachment-full size-full\" alt=\"\" loading=\"lazy\" srcset=\"https:\/\/calico.hu\/en\/wp-content\/uploads\/2020\/09\/Mark_2.png 2000w, https:\/\/calico.hu\/en\/wp-content\/uploads\/2020\/09\/Mark_2-600x401.png 600w, https:\/\/calico.hu\/en\/wp-content\/uploads\/2020\/09\/Mark_2-1200x801.png 1200w, https:\/\/calico.hu\/en\/wp-content\/uploads\/2020\/09\/Mark_2-768x513.png 768w, https:\/\/calico.hu\/en\/wp-content\/uploads\/2020\/09\/Mark_2-1536x1025.png 1536w, https:\/\/calico.hu\/en\/wp-content\/uploads\/2020\/09\/Mark_2-400x267.png 400w\" sizes=\"(max-width: 2000px) 100vw, 2000px\" \/>                                                            <\/div>\n        \t\t<\/div>\n\t\t\t\t<\/div>\n\t\t\t\t\t\t<\/div>\n\t\t\t\t\t<\/div>\n\t\t<\/div>\n\t\t\t\t<div class=\"elementor-column elementor-col-50 elementor-inner-column elementor-element elementor-element-5225f58\" data-id=\"5225f58\" data-element_type=\"column\">\n\t\t\t<div class=\"elementor-column-wrap elementor-element-populated\">\n\t\t\t\t\t\t\t<div class=\"elementor-widget-wrap\">\n\t\t\t\t\t\t<div class=\"elementor-element elementor-element-78ec1cb elementor-widget elementor-widget-text-editor\" data-id=\"78ec1cb\" data-element_type=\"widget\" data-widget_type=\"text-editor.default\">\n\t\t\t\t<div class=\"elementor-widget-container\">\n\t\t\t\t\t<div class=\"elementor-text-editor elementor-clearfix\"><h3>Mark Dani<\/h3><\/div>\n\t\t\t\t<\/div>\n\t\t\t\t<\/div>\n\t\t\t\t<div class=\"elementor-element elementor-element-7a6d2b1 elementor-widget elementor-widget-text-editor\" data-id=\"7a6d2b1\" data-element_type=\"widget\" data-widget_type=\"text-editor.default\">\n\t\t\t\t<div class=\"elementor-widget-container\">\n\t\t\t\t\t<div class=\"elementor-text-editor elementor-clearfix\"><p><span style=\"color: var( --e-global-color-text ); font-weight: var( --e-global-typography-text-font-weight ); font-size: 1rem;\">Mark Dani has been working in the field of gastronomy and sweet industry for 15 years, but his passion about chocolate has much deeper roots. He has spent more than a decade in the chocolate ingredient wholesale trade, introducing the world\u2019s leading gourmet chocolate brand on the Hungarian market. He has been cooperating with the majority of Hungarian sweet industrial and gastronomy elite. As a founder of the Csokol\u00e1d\u00e9 Akad\u00e9mia, he contributed to the development of the chocolate market in Hungary through many courses and demonstrations he organised through the years.<\/span><\/p><p>Although he is not a trained pastry chef, but an economist (Budapest Business School \u2013 FIMB, specialized in International Marketing and Total Quality Management) &#8211; his dedication to chocolate as an ingredient and the drive for constant learning has gained him stable knowledge in theory and practice as well.<span style=\"color: var( --e-global-color-text ); font-weight: var( --e-global-typography-text-font-weight ); font-size: 1rem;\"><br \/><\/span><\/p><\/div>\n\t\t\t\t<\/div>\n\t\t\t\t<\/div>\n\t\t\t\t\t\t<\/div>\n\t\t\t\t\t<\/div>\n\t\t<\/div>\n\t\t\t\t\t\t\t\t<\/div>\n\t\t\t\t\t<\/div>\n\t\t<\/section>\n\t\t\t\t<section class=\"elementor-section elementor-inner-section elementor-element elementor-element-677c2d2 elementor-section-boxed elementor-section-height-default elementor-section-height-default\" data-id=\"677c2d2\" data-element_type=\"section\">\n\t\t\t\t\t\t<div class=\"elementor-container elementor-column-gap-default\">\n\t\t\t\t\t\t\t<div class=\"elementor-row\">\n\t\t\t\t\t<div class=\"elementor-column elementor-col-100 elementor-inner-column elementor-element elementor-element-02e367d\" data-id=\"02e367d\" data-element_type=\"column\">\n\t\t\t<div class=\"elementor-column-wrap elementor-element-populated\">\n\t\t\t\t\t\t\t<div class=\"elementor-widget-wrap\">\n\t\t\t\t\t\t<div class=\"elementor-element elementor-element-f9c273a elementor-widget elementor-widget-text-editor\" data-id=\"f9c273a\" data-element_type=\"widget\" data-widget_type=\"text-editor.default\">\n\t\t\t\t<div class=\"elementor-widget-container\">\n\t\t\t\t\t<div class=\"elementor-text-editor elementor-clearfix\"><p><span style=\"color: var( --e-global-color-text ); font-weight: var( --e-global-typography-text-font-weight ); font-size: 1rem;\">He had a chance to work with many well-known foreign and Hungarian professionals, which also formed his ideas about chocolate and has deepened his commitment to it. He has studied the bases of chocolate production from the best chefs in Belgium. He has guided several successful product launches in Hungary and has been an active supporter of the first Hungarian contestants to World Chocolate Masters, the most prestigious chocolate competition in the world.\u00a0<\/span><\/p><p>The years of 2017\/2018 brought changes in his life and after leaving his former professional career behind, he started chocolate production activity in Zs\u00e1mb\u00e9k, Hungary. In 2020, as a major result of the above mentioned, CALICO chocolate, the own brand of the company was born. Through\u00a0the products of Calico chocolate he is willing to show his dedication and passion towards chocolate making.<\/p><\/div>\n\t\t\t\t<\/div>\n\t\t\t\t<\/div>\n\t\t\t\t\t\t<\/div>\n\t\t\t\t\t<\/div>\n\t\t<\/div>\n\t\t\t\t\t\t\t\t<\/div>\n\t\t\t\t\t<\/div>\n\t\t<\/section>\n\t\t\t\t\t\t<\/div>\n\t\t\t\t\t<\/div>\n\t\t<\/div>\n\t\t\t\t\t\t\t\t<\/div>\n\t\t\t\t\t<\/div>\n\t\t<\/section>\n\t\t\t\t\t\t\t\t\t<\/div>\n\t\t\t<\/div>\n\t\t\t\t\t<\/div>\n\t\t","protected":false},"excerpt":{"rendered":"<p>CALICO chocolate In the heart of the Zs\u00e1mb\u00e9k basin in Hungary, we have been producing high-quality chocolate products since 2018, with state-of-the-art production technology and well-established know-how. Our aim is to offer chocolate products delighting people all around the world with great taste and look. Mark Dani Mark Dani has been working in the field &hellip; <\/p>\n<p class=\"link-more\"><a href=\"https:\/\/calico.hu\/en\/about-us\/\" class=\"more-link\">Read More <span class=\"screen-reader-text\"> &#8220;About us&#8221;<\/span><\/a><\/p>\n","protected":false},"author":3,"featured_media":4931,"parent":0,"menu_order":0,"comment_status":"closed","ping_status":"closed","template":"","meta":[],"_links":{"self":[{"href":"https:\/\/calico.hu\/en\/wp-json\/wp\/v2\/pages\/5267"}],"collection":[{"href":"https:\/\/calico.hu\/en\/wp-json\/wp\/v2\/pages"}],"about":[{"href":"https:\/\/calico.hu\/en\/wp-json\/wp\/v2\/types\/page"}],"author":[{"embeddable":true,"href":"https:\/\/calico.hu\/en\/wp-json\/wp\/v2\/users\/3"}],"replies":[{"embeddable":true,"href":"https:\/\/calico.hu\/en\/wp-json\/wp\/v2\/comments?post=5267"}],"version-history":[{"count":17,"href":"https:\/\/calico.hu\/en\/wp-json\/wp\/v2\/pages\/5267\/revisions"}],"predecessor-version":[{"id":5787,"href":"https:\/\/calico.hu\/en\/wp-json\/wp\/v2\/pages\/5267\/revisions\/5787"}],"wp:featuredmedia":[{"embeddable":true,"href":"https:\/\/calico.hu\/en\/wp-json\/wp\/v2\/media\/4931"}],"wp:attachment":[{"href":"https:\/\/calico.hu\/en\/wp-json\/wp\/v2\/media?parent=5267"}],"curies":[{"name":"wp","href":"https:\/\/api.w.org\/{rel}","templated":true}]}}